{"id":2,"date":"2019-01-01T19:29:41","date_gmt":"2019-01-01T19:29:41","guid":{"rendered":"https:\/\/leminhha.vn\/?page_id=2"},"modified":"2020-06-25T14:40:24","modified_gmt":"2020-06-25T07:40:24","slug":"sample-page","status":"publish","type":"page","link":"https:\/\/leminhha.vn\/?page_id=2","title":{"rendered":"V\u1ec1 T\u00f4i"},"content":{"rendered":"<p>Xin ch\u00e0o,<\/p>\n<p>M\u00ecnh l\u00e0 Minh H\u00e0, sinh \u1edf Th\u00e1i B\u00ecnh v\u00e0 hi\u1ec7n s\u1ed1ng \u1edf H\u00e0 N\u1ed9i. C\u00f4ng vi\u1ec7c c\u1ee7a m\u00ecnh l\u00e0 d\u1ea1y h\u1ecdc v\u00e0 qu\u1ea3n l\u00fd m\u1ed9t trung t\u00e2m ti\u1ebfng Anh t\u00ean l\u00e0 Ha Phong IELTS.<\/p>\n<p>M\u00ecnh c\u0169ng \u0111\u1ed3ng s\u00e1ng l\u1eadp m\u1ed9t d\u1ef1 \u00e1n v\u1ec1 t\u1eadp luy\u1ec7n t\u00ean l\u00e0 Fit.n.Grit (b\u00e2y gi\u1edd l\u00e0 TeenFit) c\u00f9ng \u00f4ng b\u1ea1n th\u00e2n Phong. M\u00ecnh v\u00e0 Phong b\u1eaft \u0111\u1ea7u l\u00e0m c\u00f9ng nhau t\u1eeb 2014.<\/p>\n<figure id=\"attachment_40\" aria-describedby=\"caption-attachment-40\" style=\"width: 840px\" class=\"wp-caption alignnone\"><img loading=\"lazy\" decoding=\"async\" class=\"wp-image-40 size-large\" src=\"https:\/\/leminhha.vn\/wp-content\/uploads\/2019\/01\/20369007_1364121243637029_1123602368580667424_o-1024x933.jpg\" alt=\"\" width=\"840\" height=\"765\" srcset=\"https:\/\/leminhha.vn\/wp-content\/uploads\/2019\/01\/20369007_1364121243637029_1123602368580667424_o-1024x933.jpg 1024w, https:\/\/leminhha.vn\/wp-content\/uploads\/2019\/01\/20369007_1364121243637029_1123602368580667424_o-300x273.jpg 300w, https:\/\/leminhha.vn\/wp-content\/uploads\/2019\/01\/20369007_1364121243637029_1123602368580667424_o-768x700.jpg 768w, https:\/\/leminhha.vn\/wp-content\/uploads\/2019\/01\/20369007_1364121243637029_1123602368580667424_o-1200x1094.jpg 1200w, https:\/\/leminhha.vn\/wp-content\/uploads\/2019\/01\/20369007_1364121243637029_1123602368580667424_o.jpg 1600w\" sizes=\"(max-width: 840px) 100vw, 840px\" \/><figcaption id=\"caption-attachment-40\" class=\"wp-caption-text\">Nh\u1eefng ng\u00e0y \u0111\u1ea7u m\u1edf l\u1edbp IELTS, th\u00e1ng 8\/2017<\/figcaption><\/figure>\n<p>V\u1ec1 s\u1edf th\u00edch: m\u00ecnh th\u00edch t\u1eadp luy\u1ec7n. M\u00ecnh t\u1eadp r\u1ea5t nhi\u1ec1u m\u00f4n &#8212; ch\u1ea1y, x\u00e0, t\u1ea1, nh\u01b0ng b\u00e2y gi\u1edd m\u00ecnh t\u1eadp trung v\u00e0o m\u00f4n v\u1eadt tay. M\u00ecnh \u0111ang t\u1eadp \u0111\u1ec3 tr\u1edf th\u00e0nh m\u1ed9t nh\u00e0 v\u00f4 \u0111\u1ecbch v\u1eadt tay. Ngo\u00e0i ra m\u00ecnh d\u00e0nh h\u1ea7u h\u1ebft th\u1eddi gian cho c\u00f4ng vi\u1ec7c ho\u1eb7c c\u00e1c vi\u1ec7c nh\u1ecf kh\u00e1c nh\u01b0 \u0111\u1ecdc, vi\u1ebft, xem phim.<\/p>\n<p>\u1ede th\u1eddi \u0111i\u1ec3m n\u00e0y trong cu\u1ed9c s\u1ed1ng, c\u00f3 l\u1ebd c\u00e1i l\u1edbn nh\u1ea5t v\u1edbi m\u00ecnh l\u00e0 tr\u1ea3i nghi\u1ec7m \u0111\u1ec3 hi\u1ec3u th\u00eam v\u1ec1 th\u1ebf gi\u1edbi v\u00e0 hi\u1ec3u th\u00eam v\u1ec1 ch\u00ednh b\u1ea3n th\u00e2n m\u00ecnh. M\u00ecnh b\u1eaft\u00a0 \u0111\u1ea7u vi\u1ebft blog n\u00e0y t\u1eeb th\u00e1ng 1\/2019 \u0111\u1ec3 ghi l\u1ea1i c\u00e1c suy ngh\u0129, tr\u1ea3i nghi\u1ec7m, quan s\u00e1t trong cu\u1ed9c s\u1ed1ng, v\u00e0 n\u00f3i chung b\u1ea5t c\u1ee9 th\u1ee9 g\u00ec m\u00ecnh th\u1ea5y \u0111\u00e1ng \u0111\u1ec3 vi\u1ebft.<\/p>\n<p>Blog b\u1eb1ng ti\u1ebfng Anh v\u00ec m\u00ecnh th\u1ea5y tho\u1ea3i m\u00e1i h\u01a1n khi d\u00f9ng ti\u1ebfng Anh. C\u0169ng l\u00e0 \u0111\u1ec3 duy tr\u00ec cho k\u1ef9 n\u0103ng vi\u1ebft ti\u1ebfng Anh kh\u00f4ng b\u1ecb hao m\u00f2n.<\/p>\n<p>L\u00fd do m\u00ecnh l\u00e0m blog n\u00e0y: ph\u1ea7n l\u1edbn \u0111\u1ec3 t\u01b0\u01a1ng lai c\u00f3 th\u1ec3 \u0111\u1ecdc v\u00e0 nh\u00ecn l\u1ea1i v\u1ec1 con ng\u01b0\u1eddi m\u00ecnh nh\u1eefng n\u0103m cu\u1ed1i tu\u1ed5i 20. Ngo\u00e0i ra gi\u1ea3 s\u1eed m\u00ecnh c\u00f3 kh\u00f4ng c\u00f2n t\u1ed3n t\u1ea1i n\u1eefa (t\u1ef1 d\u01b0ng s\u1eaft r\u01a1i v\u00e0o \u0111\u1ea7u th\u00ec sao!), th\u00ec \u00edt nh\u1ea5t c\u0169ng s\u1ebd c\u00f3 m\u1ed9t b\u1ea3n l\u01b0u tr\u1eef v\u1ec1 nh\u1eefng suy ngh\u0129 v\u00e0 con ng\u01b0\u1eddi c\u1ee7a m\u00ecnh, nh\u01b0 m\u1ed9t d\u1ea5u t\u00edch nh\u1ecf v\u1ec1 s\u1ef1 t\u1ed3n t\u1ea1i c\u1ee7a m\u00ecnh tr\u00ean th\u1ebf gi\u1edbi. Gi\u1ed1ng nh\u01b0 Aya Kito n\u00f3i, &#8220;<em>vi\u1ebft l\u00e0 b\u1eb1ng ch\u1ee9ng cho th\u1ea5y b\u1ea1n \u0111ang s\u1ed1ng&#8221;\u00a0<\/em>ph\u1ea3i kh\u00f4ng?<\/p>\n<p>M\u00ecnh mua t\u00ean mi\u1ec1n n\u00e0y cho 5 n\u0103m r\u1ed3i. Mong s\u1ebd \u0111\u1ebfn ng\u00e0y gia h\u1ea1n \u0111\u01b0\u1ee3c!<\/p>\n<p>Email c\u1ee7a m\u00ecnh: leminhha93@gmail.com<\/p>\n","protected":false},"excerpt":{"rendered":"<p>Xin ch\u00e0o, M\u00ecnh l\u00e0 Minh H\u00e0, sinh \u1edf Th\u00e1i B\u00ecnh v\u00e0 hi\u1ec7n s\u1ed1ng \u1edf H\u00e0 N\u1ed9i. C\u00f4ng vi\u1ec7c c\u1ee7a m\u00ecnh l\u00e0 d\u1ea1y h\u1ecdc&#8230;<\/p>\n","protected":false},"author":1,"featured_media":0,"parent":0,"menu_order":0,"comment_status":"closed","ping_status":"open","template":"","meta":{"footnotes":""},"_links":{"self":[{"href":"https:\/\/leminhha.vn\/index.php?rest_route=\/wp\/v2\/pages\/2"}],"collection":[{"href":"https:\/\/leminhha.vn\/index.php?rest_route=\/wp\/v2\/pages"}],"about":[{"href":"https:\/\/leminhha.vn\/index.php?rest_route=\/wp\/v2\/types\/page"}],"author":[{"embeddable":true,"href":"https:\/\/leminhha.vn\/index.php?rest_route=\/wp\/v2\/users\/1"}],"replies":[{"embeddable":true,"href":"https:\/\/leminhha.vn\/index.php?rest_route=%2Fwp%2Fv2%2Fcomments&post=2"}],"version-history":[{"count":12,"href":"https:\/\/leminhha.vn\/index.php?rest_route=\/wp\/v2\/pages\/2\/revisions"}],"predecessor-version":[{"id":941,"href":"https:\/\/leminhha.vn\/index.php?rest_route=\/wp\/v2\/pages\/2\/revisions\/941"}],"wp:attachment":[{"href":"https:\/\/leminhha.vn\/index.php?rest_route=%2Fwp%2Fv2%2Fmedia&parent=2"}],"curies":[{"name":"wp","href":"https:\/\/api.w.org\/{rel}","templated":true}]}}